{"id":3569,"date":"2016-06-20T03:59:13","date_gmt":"2016-06-20T00:59:13","guid":{"rendered":"http:\/\/sparktr.com\/tenis\/?page_id=3569"},"modified":"2016-06-20T04:09:19","modified_gmt":"2016-06-20T01:09:19","slug":"kulubumuz","status":"publish","type":"page","link":"https:\/\/gebzetenis.com\/index.php\/kulubumuz\/","title":{"rendered":"Kul\u00fcb\u00fcm\u00fcz"},"content":{"rendered":"<div class=\"gdlr-shortcode-wrapper gdlr-row-shortcode\">\r\n<div class=\"six columns\"><div class=\"gdlr-item gdlr-column-shortcode\"><img loading=\"lazy\" class=\"alignnone wp-image-3572 size-full\" src=\"http:\/\/sparktr.com\/tenis\/wp-content\/uploads\/2016\/06\/100_0560.jpg\" alt=\"100_0560\" width=\"600\" height=\"450\" srcset=\"https:\/\/gebzetenis.com\/wp-content\/uploads\/2016\/06\/100_0560.jpg 600w, https:\/\/gebzetenis.com\/wp-content\/uploads\/2016\/06\/100_0560-300x225.jpg 300w, https:\/\/gebzetenis.com\/wp-content\/uploads\/2016\/06\/100_0560-400x300.jpg 400w\" sizes=\"(max-width: 600px) 100vw, 600px\" \/><\/div><\/div>\r\n<div class=\"six columns\"><div class=\"gdlr-item gdlr-column-shortcode\">Gebze Tenis Kul\u00fcb\u00fc kurumsal k\u00fclt\u00fcr ve sundu\u011fu hizmet kalitesiyle kendi alan\u0131nda fark yaratan\r\nve tercih edilen ger\u00e7ek ya\u015fam ve spor merkezidir.\r\n\r\n<br><br>\r\n\r\nAlan\u0131nda uzman ve g\u00fclery\u00fczl\u00fc kadrosu, sahip oldu\u011fu teknolojik ve bilimsel alt yap\u0131s\u0131 ile ihtiya\u00e7\r\nve beklentilerinizi kar\u015f\u0131layan bir kurumdur.\r\n\r\n<br><br>\r\n\r\nGebze Tenis Kul\u00fcb\u00fc hizmet anlay\u0131\u015f\u0131n\u0131, m\u00fc\u015fteri memnuniyetini esas alarak tak\u0131m ruhuyla her\r\nzaman daha da ileriye g\u00f6t\u00fcrmek i\u00e7in s\u00fcrekli kendini geli\u015ftirmektedir.\r\n\r\n<br><br>\r\n\r\nSa\u011fl\u0131kl\u0131 ya\u015fam konusunda verdi\u011fi al\u0131\u015fkanl\u0131klar ve kazan\u0131mlarla, sa\u011flad\u0131\u011f\u0131 g\u00fcven ortam\u0131 ile\r\nGebze Tenis Kul\u00fcb\u00fc sayg\u0131n bir otorite olmakta, bireylerin vuc\u00fct sa\u011fl\u0131\u011f\u0131 ve ya\u015fam kalitesinde aktif\r\nrol oynayarak ya\u015famlar\u0131na art\u0131 de\u011fer katmaktad\u0131r.<\/div><\/div>\r\n<div class=\"clear\"><\/div><\/div>\n","protected":false},"excerpt":{"rendered":"","protected":false},"author":1,"featured_media":0,"parent":0,"menu_order":0,"comment_status":"closed","ping_status":"closed","template":"","meta":[],"_links":{"self":[{"href":"https:\/\/gebzetenis.com\/index.php\/wp-json\/wp\/v2\/pages\/3569"}],"collection":[{"href":"https:\/\/gebzetenis.com\/index.php\/wp-json\/wp\/v2\/pages"}],"about":[{"href":"https:\/\/gebzetenis.com\/index.php\/wp-json\/wp\/v2\/types\/page"}],"author":[{"embeddable":true,"href":"https:\/\/gebzetenis.com\/index.php\/wp-json\/wp\/v2\/users\/1"}],"replies":[{"embeddable":true,"href":"https:\/\/gebzetenis.com\/index.php\/wp-json\/wp\/v2\/comments?post=3569"}],"version-history":[{"count":9,"href":"https:\/\/gebzetenis.com\/index.php\/wp-json\/wp\/v2\/pages\/3569\/revisions"}],"predecessor-version":[{"id":3571,"href":"https:\/\/gebzetenis.com\/index.php\/wp-json\/wp\/v2\/pages\/3569\/revisions\/3571"}],"wp:attachment":[{"href":"https:\/\/gebzetenis.com\/index.php\/wp-json\/wp\/v2\/media?parent=3569"}],"curies":[{"name":"wp","href":"https:\/\/api.w.org\/{rel}","templated":true}]}}