{"id":3582,"date":"2016-06-20T04:16:57","date_gmt":"2016-06-20T01:16:57","guid":{"rendered":"http:\/\/sparktr.com\/tenis\/?page_id=3582"},"modified":"2016-06-20T04:24:08","modified_gmt":"2016-06-20T01:24:08","slug":"neden-gtk","status":"publish","type":"page","link":"https:\/\/gebzetenis.com\/index.php\/neden-gtk\/","title":{"rendered":"Neden GTK?"},"content":{"rendered":"<div class=\"gdlr-shortcode-wrapper gdlr-row-shortcode\">\r\n<div class=\"twelve columns\"><div class=\"gdlr-item gdlr-column-shortcode\">\r\n\r\nAlan\u0131nda profesyonel, g\u00fcler y\u00fczl\u00fc e\u011fitmen kadrosu, \u00fcyelerimizin \u00a0memnuniyetini hedefleyen\u00a0hizmet anlay\u0131\u015f\u0131, geni\u015f imkanlar\u0131, zengin ve \u00e7e\u015fitli pek \u00e7ok sosyal ve sportif aktivitesiyle \u00a0ya\u015fam\u0131n\u0131za renk katar.\r\n<br><br>\r\n\u0130htiya\u00e7 ve beklentilerinizi kar\u015f\u0131layacak gerekli bilimsel altyap\u0131, vucut sa\u011fl\u0131\u011f\u0131 ve ya\u015fam kalitenize fark yaratacak, etkin \u00e7\u00f6z\u00fcmler size \u00f6zel programlar bulunmaktad\u0131r.\r\n<br><br>\r\nArzu etti\u011finiz sonuca sa\u011fl\u0131kl\u0131 ve bilin\u00e7li bir \u015fekilde en k\u0131sa zamanda ula\u015fman\u0131zda uzman \u00a0e\u011fitmenlerimiz gereken bilgiyi, deste\u011fi ve motivasyonu her zaman sa\u011flamaktad\u0131r.\r\n<br><br>\r\n\u00c7ocuklar\u0131m\u0131z\u0131n fiziksel ve zihinsel olarak sa\u011fl\u0131kl\u0131 geli\u015fimleri i\u00e7in, onlara hayat boyu \u00a0spor bilincinin kazand\u0131r\u0131lmas\u0131na, ilgi ve yeteneklerini ke\u015ffederek geli\u015ftirmelerine de \u00a0olanak sa\u011flayan programlar\u0131m\u0131z bulunmaktad\u0131r.\r\n<br><br>\r\nSizinle ge\u00e7irdi\u011fimiz her dakika bizim i\u00e7in \u00f6nemlidir. Sa\u011fl\u0131kl\u0131 ve zinde ya\u015fam\u0131n yan\u0131 s\u0131ra sosyal bir kul\u00fcp mant\u0131\u011f\u0131yla sundu\u011fumuz hizmetler, her zaman hayat\u0131n\u0131za keyif katacakt\u0131r.\r\n<br><br>\r\nGen\u00e7lere, \u00f6\u011frencilere, ailelere ve kurumlara y\u00f6nelik avantajl\u0131 \u00fcyelik se\u00e7eneklerimiz bulunmakta,\u00a0kaliteli hizmeti her zaman uygun \u015fekilde sat\u0131n alabilece\u011finiz ko\u015fullar sunulmaktad\u0131r.\r\n\r\n<\/div><\/div>\r\n\r\n<div class=\"clear\"><\/div><\/div>\n<div class=\"gdlr-shortcode-wrapper gdlr-row-shortcode\">\r\n<div class=\"four columns\"><div class=\"gdlr-item gdlr-column-shortcode\"><img loading=\"lazy\" class=\"alignnone size-full wp-image-3585\" src=\"http:\/\/sparktr.com\/tenis\/wp-content\/uploads\/2016\/06\/togan.png\" alt=\"togan\" width=\"412\" height=\"480\" srcset=\"https:\/\/gebzetenis.com\/wp-content\/uploads\/2016\/06\/togan.png 412w, https:\/\/gebzetenis.com\/wp-content\/uploads\/2016\/06\/togan-258x300.png 258w\" sizes=\"(max-width: 412px) 100vw, 412px\" \/><\/div><\/div>\r\n<div class=\"eight columns\"><div class=\"gdlr-item gdlr-column-shortcode\">\r\n\r\n<strong>Gebze Tenis Kul\u00fcb\u00fc ile Spor Ya\u015fam Tarz\u0131n\u0131z Olacak...<\/strong>\r\n\r\n<br><br>\r\n\r\nGebze Tenis Kul\u00fcb\u00fc, sa\u011fl\u0131kl\u0131 ve kaliteli ya\u015fam s\u00fcrmek, fitness, step, aerobik, plates, v\u00fccut geli\u015ftirme (body building), cardio \u00e7al\u0131\u015fmalar\u0131 yapmak, sa\u011fl\u0131kl\u0131 bir \u015fekilde form tutmak isteyenlerin yeri.\r\n<br><br>\r\nNezih bir ortamda, uzman hocalar\u0131m\u0131z e\u015fli\u011finde, profesyonel bir \u00e7al\u0131\u015fma ortam\u0131 bulacak, ki\u015fiye \u00f6zel programlarla, kendiniz i\u00e7in en do\u011fru \u00e7al\u0131\u015fma \u015feklinizi belirleyecek ve istedi\u011finiz v\u00fccut ve sa\u011fl\u0131\u011fa size en uygun ve en do\u011fru \u015fekilde sahip olabileceksiniz.\r\n\r\n<br><br>\r\n\r\nGebze Tenis Kul\u00fcb\u00fc, gelen sproculara en iyi \u015fekilde hizmet vermek \u00fczere haz\u0131rland\u0131. Kaliteli m\u00fczik yay\u0131n\u0131, du\u015f ve s\u0131cak su, temizlik vb. spor s\u0131ras\u0131nda gerekli olan temel ihtiya\u00e7lar, Gebze Tenis Kul\u00fcb\u00fc'nde sporcular\u0131n d\u00fc\u015f\u00fcnmemesi gereken detaylar. \r\n<br><br>\r\nAyr\u0131ca s\u0131cak ve so\u011fuk i\u00e7ecekler servisi ile gelen sporcular, \u00e7al\u0131\u015fma s\u0131ras\u0131nda almas\u0131 gereken s\u0131v\u0131 ihtiya\u00e7lar\u0131n\u0131 kolayca kar\u015f\u0131layabilmekteler.\r\n\r\n<\/div><\/div>\r\n<div class=\"clear\"><\/div><\/div>\n","protected":false},"excerpt":{"rendered":"","protected":false},"author":1,"featured_media":0,"parent":0,"menu_order":0,"comment_status":"closed","ping_status":"closed","template":"","meta":[],"_links":{"self":[{"href":"https:\/\/gebzetenis.com\/index.php\/wp-json\/wp\/v2\/pages\/3582"}],"collection":[{"href":"https:\/\/gebzetenis.com\/index.php\/wp-json\/wp\/v2\/pages"}],"about":[{"href":"https:\/\/gebzetenis.com\/index.php\/wp-json\/wp\/v2\/types\/page"}],"author":[{"embeddable":true,"href":"https:\/\/gebzetenis.com\/index.php\/wp-json\/wp\/v2\/users\/1"}],"replies":[{"embeddable":true,"href":"https:\/\/gebzetenis.com\/index.php\/wp-json\/wp\/v2\/comments?post=3582"}],"version-history":[{"count":9,"href":"https:\/\/gebzetenis.com\/index.php\/wp-json\/wp\/v2\/pages\/3582\/revisions"}],"predecessor-version":[{"id":3584,"href":"https:\/\/gebzetenis.com\/index.php\/wp-json\/wp\/v2\/pages\/3582\/revisions\/3584"}],"wp:attachment":[{"href":"https:\/\/gebzetenis.com\/index.php\/wp-json\/wp\/v2\/media?parent=3582"}],"curies":[{"name":"wp","href":"https:\/\/api.w.org\/{rel}","templated":true}]}}