{"id":3593,"date":"2016-06-20T04:45:48","date_gmt":"2016-06-20T01:45:48","guid":{"rendered":"http:\/\/sparktr.com\/tenis\/?page_id=3593"},"modified":"2016-06-20T06:28:10","modified_gmt":"2016-06-20T03:28:10","slug":"basinda-biz","status":"publish","type":"page","link":"https:\/\/gebzetenis.com\/index.php\/basinda-biz\/","title":{"rendered":"Bas\u0131nda Biz"},"content":{"rendered":"<div class=\"gdlr-shortcode-wrapper gdlr-row-shortcode\">\r\n<div class=\"two columns\"><div class=\"gdlr-item gdlr-column-shortcode\"><img loading=\"lazy\" class=\"alignnone size-thumbnail wp-image-3594\" src=\"http:\/\/sparktr.com\/tenis\/wp-content\/uploads\/2016\/06\/h1_p1-150x150.jpg\" alt=\"h1_p1\" width=\"150\" height=\"150\" \/><\/div><\/div>\r\n<div class=\"four-fifth columns\"><div class=\"gdlr-item gdlr-column-shortcode\"><strong>\u015eampiyonlar ilgi oda\u011f\u0131 oldu<\/strong>\r\n<br><br>\r\n7 ve 9 ya\u015f\u0131ndaki miniklerin m\u00fccadele etti\u011fi turnuvada Gebze Tenis Kul\u00fcb\u00fc sporcular\u0131 \u015fampiyonluklar alarak, t\u00fcm dikkatleri \u00fczerlerine \u00e7ektiler.\r\n<br><br>\r\n\r\n<a class=\"gdlr-button small\" href=\"http:\/\/sparktr.com\/tenis\/index.php\/sampiyonlar-ilgi-odagi-oldu\/\" target=\"_self\"  style=\"color:#ffffff; background-color:#94d64f; \"  >Devam\u0131n\u0131 oku...<\/a>\r\n\r\n<\/div><\/div>\r\n<div class=\"clear\"><\/div><\/div>\n<div class=\"gdlr-shortcode-wrapper gdlr-row-shortcode\">\r\n<div class=\"two columns\"><div class=\"gdlr-item gdlr-column-shortcode\"><img loading=\"lazy\" class=\"alignnone size-thumbnail wp-image-3618\" src=\"http:\/\/sparktr.com\/tenis\/wp-content\/uploads\/2016\/06\/100_6081-150x150.jpg\" alt=\"100_6081\" width=\"150\" height=\"150\" srcset=\"https:\/\/gebzetenis.com\/wp-content\/uploads\/2016\/06\/100_6081-150x150.jpg 150w, https:\/\/gebzetenis.com\/wp-content\/uploads\/2016\/06\/100_6081-400x400.jpg 400w\" sizes=\"(max-width: 150px) 100vw, 150px\" \/><\/div><\/div>\r\n<div class=\"four-fifth columns\"><div class=\"gdlr-item gdlr-column-shortcode\"><strong>Gen\u00e7lik ve Spor Kul\u00fcb\u00fcm\u00fcz\u00fcn Yeni Ba\u015fkan\u0131 Ali TOKA\u00c7 G\u00f6revine Ba\u015flad\u0131.<\/strong>\r\n<br><br>\r\nGen\u00e7lik ve Spor Kul\u00fcb\u00fcm\u00fcz de yeni Ba\u015fkan Ali TOKA\u00c7 g\u00f6revine ba\u015flad\u0131.\r\n\r\n<br><br>\r\n<a class=\"gdlr-button small\" href=\"http:\/\/sparktr.com\/tenis\/index.php\/genclik-ve-spor-kulubumuzun-yeni-baskani-ali-tokac-gorevine-basladi\/\" target=\"_self\"  style=\"color:#ffffff; background-color:#94d64f; \"  >Devam\u0131n\u0131 oku...<\/a>\r\n\r\n<\/div><\/div>\r\n<div class=\"clear\"><\/div><\/div>\n<div class=\"gdlr-shortcode-wrapper gdlr-row-shortcode\">\r\n<div class=\"two columns\"><div class=\"gdlr-item gdlr-column-shortcode\"><img loading=\"lazy\" class=\"alignnone wp-image-3630 size-thumbnail\" src=\"http:\/\/sparktr.com\/tenis\/wp-content\/uploads\/2016\/06\/h4_p1-150x150.jpg\" alt=\"h4_p1\" width=\"150\" height=\"150\" \/><\/div><\/div>\r\n<div class=\"four-fifth columns\"><div class=\"gdlr-item gdlr-column-shortcode\"><strong>Tenis'te art\u0131k Gebze ismi de var<\/strong>\r\n<br><br>\r\n\r\nGen\u00e7 ya\u015fta spora merak salan \u00e7e\u015fitli alanlarda ciddi dereceler elde eden Ali Toka\u00e7, son y\u0131llarda Tenis sporu ile ilgileniyor.\r\n\r\n<br><br>\r\n<a class=\"gdlr-button small\" href=\"http:\/\/sparktr.com\/tenis\/index.php\/gebze-ismi-var\/\" target=\"_self\"  style=\"color:#ffffff; background-color:#94d64f; \"  >Devam\u0131n\u0131 oku...<\/a>\r\n\r\n<\/div><\/div>\r\n<div class=\"clear\"><\/div><\/div>\n<div class=\"gdlr-shortcode-wrapper gdlr-row-shortcode\">\r\n<div class=\"two columns\"><div class=\"gdlr-item gdlr-column-shortcode\"><img loading=\"lazy\" class=\"alignnone size-thumbnail wp-image-3654\" src=\"http:\/\/sparktr.com\/tenis\/wp-content\/uploads\/2016\/06\/635437158300991633-150x150.jpg\" alt=\"635437158300991633\" width=\"150\" height=\"150\" srcset=\"https:\/\/gebzetenis.com\/wp-content\/uploads\/2016\/06\/635437158300991633-150x150.jpg 150w, https:\/\/gebzetenis.com\/wp-content\/uploads\/2016\/06\/635437158300991633-400x400.jpg 400w\" sizes=\"(max-width: 150px) 100vw, 150px\" \/><\/div><\/div>\r\n<div class=\"four-fifth columns\"><div class=\"gdlr-item gdlr-column-shortcode\"><strong>Gen\u00e7lik ve Spor Bakan\u0131<\/strong>\r\n<br><br>\r\nGen\u00e7lik ve Spor Bakan\u0131 Akif \u00c7a\u011fatay K\u0131l\u0131\u00e7, 12 ya\u015f Tenis K\u0131z Milli Tak\u0131m\u0131'n\u0131 makam\u0131nda kabul etti.\r\n<br><br>\r\n<a class=\"gdlr-button small\" href=\"http:\/\/sparktr.com\/tenis\/index.php\/genclik-ve-spor-bakani-akif-cagatay-kilic-12-yas-tenis-kiz-milli-takimini-makaminda-kabul-etti\/\" target=\"_self\"  style=\"color:#ffffff; background-color:#94d64f; \"  >Devam\u0131n\u0131 oku...<\/a>\r\n\r\n<\/div><\/div>\r\n<div class=\"clear\"><\/div><\/div>\n<div class=\"gdlr-shortcode-wrapper gdlr-row-shortcode\">\r\n<div class=\"two columns\"><div class=\"gdlr-item gdlr-column-shortcode\"><img loading=\"lazy\" src=\"http:\/\/sparktr.com\/tenis\/wp-content\/uploads\/2016\/06\/h3_p1-150x150.jpg\" alt=\"h3_p1\" width=\"150\" height=\"150\" class=\"alignnone size-thumbnail wp-image-3663\" \/><\/div><\/div>\r\n<div class=\"four-fifth columns\"><div class=\"gdlr-item gdlr-column-shortcode\"><strong>Gebze'li \u015earapova<\/strong>\r\n<br><br>\r\nKocaeli'nin Gebze \u0130l\u00e7esi\u2019nde tenis \u00f6\u011fretmenli\u011fi yapan Ali Toka\u00e7\u2019\u0131n hen\u00fcz 5 ya\u015f\u0131nda olan k\u0131z\u0131 Betina, babas\u0131n\u0131n verdi\u011fi e\u011fitimle \u015fimdiden teniste ad\u0131n\u0131 duyurmaya ba\u015flad\u0131.\r\n\r\n\r\n<br><br>\r\n<a class=\"gdlr-button small\" href=\"http:\/\/sparktr.com\/tenis\/index.php\/gebzeli-sarapova\/\" target=\"_self\"  style=\"color:#ffffff; background-color:#94d64f; \"  >Devam\u0131n\u0131 oku...<\/a>\r\n\r\n<\/div><\/div>\r\n<div class=\"clear\"><\/div><\/div>\n","protected":false},"excerpt":{"rendered":"","protected":false},"author":1,"featured_media":0,"parent":0,"menu_order":0,"comment_status":"closed","ping_status":"closed","template":"","meta":[],"_links":{"self":[{"href":"https:\/\/gebzetenis.com\/index.php\/wp-json\/wp\/v2\/pages\/3593"}],"collection":[{"href":"https:\/\/gebzetenis.com\/index.php\/wp-json\/wp\/v2\/pages"}],"about":[{"href":"https:\/\/gebzetenis.com\/index.php\/wp-json\/wp\/v2\/types\/page"}],"author":[{"embeddable":true,"href":"https:\/\/gebzetenis.com\/index.php\/wp-json\/wp\/v2\/users\/1"}],"replies":[{"embeddable":true,"href":"https:\/\/gebzetenis.com\/index.php\/wp-json\/wp\/v2\/comments?post=3593"}],"version-history":[{"count":32,"href":"https:\/\/gebzetenis.com\/index.php\/wp-json\/wp\/v2\/pages\/3593\/revisions"}],"predecessor-version":[{"id":3666,"href":"https:\/\/gebzetenis.com\/index.php\/wp-json\/wp\/v2\/pages\/3593\/revisions\/3666"}],"wp:attachment":[{"href":"https:\/\/gebzetenis.com\/index.php\/wp-json\/wp\/v2\/media?parent=3593"}],"curies":[{"name":"wp","href":"https:\/\/api.w.org\/{rel}","templated":true}]}}