{"id":3900,"date":"2016-06-27T05:13:05","date_gmt":"2016-06-27T02:13:05","guid":{"rendered":"http:\/\/sparktr.com\/tenis\/?page_id=3900"},"modified":"2016-06-27T05:13:52","modified_gmt":"2016-06-27T02:13:52","slug":"personal-training","status":"publish","type":"page","link":"https:\/\/gebzetenis.com\/index.php\/personal-training\/","title":{"rendered":"Personal Tra\u0131n\u0131ng"},"content":{"rendered":"<p><img loading=\"lazy\" src=\"http:\/\/sparktr.com\/tenis\/wp-content\/uploads\/2016\/06\/Personal-Training.jpg\" alt=\"Personal Training\" width=\"2000\" height=\"1333\" class=\"alignnone size-full wp-image-3901\" srcset=\"https:\/\/gebzetenis.com\/wp-content\/uploads\/2016\/06\/Personal-Training.jpg 2000w, https:\/\/gebzetenis.com\/wp-content\/uploads\/2016\/06\/Personal-Training-300x200.jpg 300w, https:\/\/gebzetenis.com\/wp-content\/uploads\/2016\/06\/Personal-Training-768x512.jpg 768w, https:\/\/gebzetenis.com\/wp-content\/uploads\/2016\/06\/Personal-Training-1024x682.jpg 1024w\" sizes=\"(max-width: 2000px) 100vw, 2000px\" \/><\/p>\n<p>Personal Training, profesyonel e\u011fitmenler taraf\u0131ndan ki\u015fiye \u00f6zel egzersiz program\u0131 bire bir e\u011fitmen e\u015fli\u011finde uygulamalar yap\u0131lmaktad\u0131r.<\/p>\n<p>Personal trainer b\u00fct\u00fcn bunlar\u0131n aksamadan yap\u0131lmas\u0131 i\u00e7in ki\u015filerin motivasyonunu en y\u00fcksek seviyede tutar, ayr\u0131ca ki\u015filerin beklentileri do\u011frultusunda ya\u015fam kalitelerini y\u00fckseltecek al\u0131\u015fkanl\u0131klar kazand\u0131r\u0131r. B\u00f6ylece hedeflenen sonuca ula\u015fmak ka\u00e7\u0131n\u0131lmazd\u0131r.<\/p>\n","protected":false},"excerpt":{"rendered":"<p>Personal Training, profesyonel e\u011fitmenler taraf\u0131ndan ki\u015fiye \u00f6zel egzersiz program\u0131 bire bir e\u011fitmen e\u015fli\u011finde uygulamalar yap\u0131lmaktad\u0131r. Personal trainer b\u00fct\u00fcn bunlar\u0131n aksamadan yap\u0131lmas\u0131 i\u00e7in ki\u015filerin motivasyonunu en y\u00fcksek seviyede tutar, ayr\u0131ca ki\u015filerin beklentileri do\u011frultusunda ya\u015fam kalitelerini y\u00fckseltecek al\u0131\u015fkanl\u0131klar kazand\u0131r\u0131r. B\u00f6ylece hedeflenen sonuca ula\u015fmak ka\u00e7\u0131n\u0131lmazd\u0131r.<\/p>\n","protected":false},"author":1,"featured_media":0,"parent":0,"menu_order":0,"comment_status":"closed","ping_status":"closed","template":"","meta":[],"_links":{"self":[{"href":"https:\/\/gebzetenis.com\/index.php\/wp-json\/wp\/v2\/pages\/3900"}],"collection":[{"href":"https:\/\/gebzetenis.com\/index.php\/wp-json\/wp\/v2\/pages"}],"about":[{"href":"https:\/\/gebzetenis.com\/index.php\/wp-json\/wp\/v2\/types\/page"}],"author":[{"embeddable":true,"href":"https:\/\/gebzetenis.com\/index.php\/wp-json\/wp\/v2\/users\/1"}],"replies":[{"embeddable":true,"href":"https:\/\/gebzetenis.com\/index.php\/wp-json\/wp\/v2\/comments?post=3900"}],"version-history":[{"count":3,"href":"https:\/\/gebzetenis.com\/index.php\/wp-json\/wp\/v2\/pages\/3900\/revisions"}],"predecessor-version":[{"id":3903,"href":"https:\/\/gebzetenis.com\/index.php\/wp-json\/wp\/v2\/pages\/3900\/revisions\/3903"}],"wp:attachment":[{"href":"https:\/\/gebzetenis.com\/index.php\/wp-json\/wp\/v2\/media?parent=3900"}],"curies":[{"name":"wp","href":"https:\/\/api.w.org\/{rel}","templated":true}]}}